{"id":345,"date":"2026-01-07T10:51:59","date_gmt":"2026-01-07T10:51:59","guid":{"rendered":"https:\/\/demo.awaikenthemes.com\/neodunk\/?page_id=345"},"modified":"2026-02-28T17:56:53","modified_gmt":"2026-02-28T17:56:53","slug":"contact-us","status":"publish","type":"page","link":"https:\/\/batpacker.eu\/pl\/contact-us\/","title":{"rendered":"Kontakt"},"content":{"rendered":"<div data-elementor-type=\"wp-page\" data-elementor-id=\"345\" class=\"elementor elementor-345\">\n\t\t\t\t<div class=\"elementor-element elementor-element-0b192c3 e-con-full e-flex e-con e-parent\" data-id=\"0b192c3\" data-element_type=\"container\" data-e-type=\"container\">\n\t\t<div data-ekitparallax=\"{&quot;ekit_section_parallax_bg&quot;:&quot;yes&quot;,&quot;ekit_section_parallax_bg_speed&quot;:0.5,&quot;elementor_lazy_load&quot;:&quot;1&quot;}\" class=\"elementor-element elementor-element-159d7a8 page-header-section e-flex e-con-boxed e-con e-child\" data-id=\"159d7a8\" data-element_type=\"container\" data-e-type=\"container\" data-settings=\"{&quot;background_background&quot;:&quot;classic&quot;,&quot;shape_divider_bottom&quot;:&quot;wave-brush&quot;}\">\n\t\t\t\t\t<div class=\"e-con-inner\">\n\t\t\t\t<div class=\"elementor-shape elementor-shape-bottom\" aria-hidden=\"true\" data-negative=\"false\">\n\t\t\t<svg xmlns=\"http:\/\/www.w3.org\/2000\/svg\" viewbox=\"0 0 283.5 27.8\" preserveaspectratio=\"none\">\n\t<path class=\"elementor-shape-fill\" d=\"M283.5,9.7c0,0-7.3,4.3-14,4.6c-6.8,0.3-12.6,0-20.9-1.5c-11.3-2-33.1-10.1-44.7-5.7\ts-12.1,4.6-18,7.4c-6.6,3.2-20,9.6-36.6,9.3C131.6,23.5,99.5,7.2,86.3,8c-1.4,0.1-6.6,0.8-10.5,2c-3.8,1.2-9.4,3.8-17,4.7\tc-3.2,0.4-8.3,1.1-14.2,0.9c-1.5-0.1-6.3-0.4-12-1.6c-5.7-1.2-11-3.1-15.8-3.7C6.5,9.2,0,10.8,0,10.8V0h283.5V9.7z M260.8,11.3\tc-0.7-1-2-0.4-4.3-0.4c-2.3,0-6.1-1.2-5.8-1.1c0.3,0.1,3.1,1.5,6,1.9C259.7,12.2,261.4,12.3,260.8,11.3z M242.4,8.6\tc0,0-2.4-0.2-5.6-0.9c-3.2-0.8-10.3-2.8-15.1-3.5c-8.2-1.1-15.8,0-15.1,0.1c0.8,0.1,9.6-0.6,17.6,1.1c3.3,0.7,9.3,2.2,12.4,2.7\tC239.9,8.7,242.4,8.6,242.4,8.6z M185.2,8.5c1.7-0.7-13.3,4.7-18.5,6.1c-2.1,0.6-6.2,1.6-10,2c-3.9,0.4-8.9,0.4-8.8,0.5\tc0,0.2,5.8,0.8,11.2,0c5.4-0.8,5.2-1.1,7.6-1.6C170.5,14.7,183.5,9.2,185.2,8.5z M199.1,6.9c0.2,0-0.8-0.4-4.8,1.1\tc-4,1.5-6.7,3.5-6.9,3.7c-0.2,0.1,3.5-1.8,6.6-3C197,7.5,199,6.9,199.1,6.9z M283,6c-0.1,0.1-1.9,1.1-4.8,2.5s-6.9,2.8-6.7,2.7\tc0.2,0,3.5-0.6,7.4-2.5C282.8,6.8,283.1,5.9,283,6z M31.3,11.6c0.1-0.2-1.9-0.2-4.5-1.2s-5.4-1.6-7.8-2C15,7.6,7.3,8.5,7.7,8.6\tC8,8.7,15.9,8.3,20.2,9.3c2.2,0.5,2.4,0.5,5.7,1.6S31.2,11.9,31.3,11.6z M73,9.2c0.4-0.1,3.5-1.6,8.4-2.6c4.9-1.1,8.9-0.5,8.9-0.8\tc0-0.3-1-0.9-6.2-0.3S72.6,9.3,73,9.2z M71.6,6.7C71.8,6.8,75,5.4,77.3,5c2.3-0.3,1.9-0.5,1.9-0.6c0-0.1-1.1-0.2-2.7,0.2\tC74.8,5.1,71.4,6.6,71.6,6.7z M93.6,4.4c0.1,0.2,3.5,0.8,5.6,1.8c2.1,1,1.8,0.6,1.9,0.5c0.1-0.1-0.8-0.8-2.4-1.3\tC97.1,4.8,93.5,4.2,93.6,4.4z M65.4,11.1c-0.1,0.3,0.3,0.5,1.9-0.2s2.6-1.3,2.2-1.2s-0.9,0.4-2.5,0.8C65.3,10.9,65.5,10.8,65.4,11.1\tz M34.5,12.4c-0.2,0,2.1,0.8,3.3,0.9c1.2,0.1,2,0.1,2-0.2c0-0.3-0.1-0.5-1.6-0.4C36.6,12.8,34.7,12.4,34.5,12.4z M152.2,21.1\tc-0.1,0.1-2.4-0.3-7.5-0.3c-5,0-13.6-2.4-17.2-3.5c-3.6-1.1,10,3.9,16.5,4.1C150.5,21.6,152.3,21,152.2,21.1z\"\/>\n\t<path class=\"elementor-shape-fill\" d=\"M269.6,18c-0.1-0.1-4.6,0.3-7.2,0c-7.3-0.7-17-3.2-16.6-2.9c0.4,0.3,13.7,3.1,17,3.3\tC267.7,18.8,269.7,18,269.6,18z\"\/>\n\t<path class=\"elementor-shape-fill\" d=\"M227.4,9.8c-0.2-0.1-4.5-1-9.5-1.2c-5-0.2-12.7,0.6-12.3,0.5c0.3-0.1,5.9-1.8,13.3-1.2\tS227.6,9.9,227.4,9.8z\"\/>\n\t<path class=\"elementor-shape-fill\" d=\"M204.5,13.4c-0.1-0.1,2-1,3.2-1.1c1.2-0.1,2,0,2,0.3c0,0.3-0.1,0.5-1.6,0.4\tC206.4,12.9,204.6,13.5,204.5,13.4z\"\/>\n\t<path class=\"elementor-shape-fill\" d=\"M201,10.6c0-0.1-4.4,1.2-6.3,2.2c-1.9,0.9-6.2,3.1-6.1,3.1c0.1,0.1,4.2-1.6,6.3-2.6\tS201,10.7,201,10.6z\"\/>\n\t<path class=\"elementor-shape-fill\" d=\"M154.5,26.7c-0.1-0.1-4.6,0.3-7.2,0c-7.3-0.7-17-3.2-16.6-2.9c0.4,0.3,13.7,3.1,17,3.3\tC152.6,27.5,154.6,26.8,154.5,26.7z\"\/>\n\t<path class=\"elementor-shape-fill\" d=\"M41.9,19.3c0,0,1.2-0.3,2.9-0.1c1.7,0.2,5.8,0.9,8.2,0.7c4.2-0.4,7.4-2.7,7-2.6\tc-0.4,0-4.3,2.2-8.6,1.9c-1.8-0.1-5.1-0.5-6.7-0.4S41.9,19.3,41.9,19.3z\"\/>\n\t<path class=\"elementor-shape-fill\" d=\"M75.5,12.6c0.2,0.1,2-0.8,4.3-1.1c2.3-0.2,2.1-0.3,2.1-0.5c0-0.1-1.8-0.4-3.4,0\tC76.9,11.5,75.3,12.5,75.5,12.6z\"\/>\n\t<path class=\"elementor-shape-fill\" d=\"M15.6,13.2c0-0.1,4.3,0,6.7,0.5c2.4,0.5,5,1.9,5,2c0,0.1-2.7-0.8-5.1-1.4\tC19.9,13.7,15.7,13.3,15.6,13.2z\"\/>\n<\/svg>\t\t<\/div>\n\t\t<div class=\"elementor-element elementor-element-3a47bc4 e-con-full e-flex e-con e-child\" data-id=\"3a47bc4\" data-element_type=\"container\" data-e-type=\"container\">\n\t\t\t\t<div class=\"elementor-element elementor-element-770c02b at-heading-animation at-animation-heading-style-3 elementor-widget elementor-widget-heading\" data-id=\"770c02b\" data-element_type=\"widget\" data-e-type=\"widget\" data-settings=\"{&quot;ekit_we_effect_on&quot;:&quot;none&quot;}\" data-widget_type=\"heading.default\">\n\t\t\t\t\t<h1 class=\"elementor-heading-title elementor-size-default\">Kontakt<\/h1>\t\t\t\t<\/div>\n\t\t\t\t<div class=\"elementor-element elementor-element-54f3fe3 elementor-invisible elementor-widget elementor-widget-neodunk-breadcrumb\" data-id=\"54f3fe3\" data-element_type=\"widget\" data-e-type=\"widget\" data-settings=\"{&quot;_animation&quot;:&quot;fadeInUp&quot;,&quot;ekit_we_effect_on&quot;:&quot;none&quot;}\" data-widget_type=\"neodunk-breadcrumb.default\">\n\t\t\t\t<div class=\"elementor-widget-container\">\n\t\t\t\t\t<div role=\"navigation\" aria-label=\"Breadcrumbs\" class=\"breadcrumb-trail breadcrumbs\"><ol class=\"trail-items\"><li class=\"trail-item trail-end\"><a href=\"https:\/\/batpacker.eu\/pl\/\" rel=\"home\"><span>Strona g\u0142\u00f3wna<\/span><\/a><\/li><\/ol><\/div>\t\t\t\t<\/div>\n\t\t\t\t<\/div>\n\t\t\t\t<\/div>\n\t\t\t\t\t<\/div>\n\t\t\t\t<\/div>\n\t\t\t\t<\/div>\n\t\t<div class=\"elementor-element elementor-element-4a8811f e-flex e-con-boxed e-con e-parent\" data-id=\"4a8811f\" data-element_type=\"container\" data-e-type=\"container\">\n\t\t\t\t\t<div class=\"e-con-inner\">\n\t\t<div class=\"elementor-element elementor-element-50e6470 e-con-full e-flex e-con e-child\" data-id=\"50e6470\" data-element_type=\"container\" data-e-type=\"container\">\n\t\t\t\t<div class=\"elementor-element elementor-element-6a43d1f section-title at-heading-animation at-animation-heading-none elementor-invisible elementor-widget elementor-widget-heading\" data-id=\"6a43d1f\" data-element_type=\"widget\" data-e-type=\"widget\" data-settings=\"{&quot;_animation&quot;:&quot;fadeInUp&quot;,&quot;ekit_we_effect_on&quot;:&quot;none&quot;}\" data-widget_type=\"heading.default\">\n\t\t\t\t\t<h3 class=\"elementor-heading-title elementor-size-default\">Odezwij si\u0119 dzisiaj<\/h3>\t\t\t\t<\/div>\n\t\t\t\t<div class=\"elementor-element elementor-element-6ffcfa8 at-heading-animation at-animation-heading-style-3 elementor-widget elementor-widget-heading\" data-id=\"6ffcfa8\" data-element_type=\"widget\" data-e-type=\"widget\" data-settings=\"{&quot;ekit_we_effect_on&quot;:&quot;none&quot;}\" data-widget_type=\"heading.default\">\n\t\t\t\t\t<h2 class=\"elementor-heading-title elementor-size-default\">Rozpocznij swoj\u0105 przygod\u0119 z Batpacker<\/h2>\t\t\t\t<\/div>\n\t\t\t\t<div class=\"elementor-element elementor-element-1f38c83 elementor-invisible elementor-widget elementor-widget-text-editor\" data-id=\"1f38c83\" data-element_type=\"widget\" data-e-type=\"widget\" data-settings=\"{&quot;_animation&quot;:&quot;fadeInUp&quot;,&quot;_animation_delay&quot;:100,&quot;ekit_we_effect_on&quot;:&quot;none&quot;}\" data-widget_type=\"text-editor.default\">\n\t\t\t\t\t\t\t\t\t<p data-start=\"654\" data-end=\"757\"><strong>Chcesz trenowa\u0107, podr\u00f3\u017cowa\u0107 i do\u015bwiadczy\u0107 czego\u015b innego? Skontaktuj si\u0119 z nami \u2014 ch\u0119tnie poznamy Twoj\u0105 opini\u0119<\/strong><\/p><p data-start=\"759\" data-end=\"796\">\u00a0<\/p>\t\t\t\t\t\t\t\t<\/div>\n\t\t<div class=\"elementor-element elementor-element-97f05bf e-con-full image-height e-flex e-con e-child\" data-id=\"97f05bf\" data-element_type=\"container\" data-e-type=\"container\">\n\t\t\t\t<div class=\"elementor-element elementor-element-cc43c97 at-shiny-glass-effect image-height contact-us-image at-image-animation at-animation-image-style-1 elementor-widget elementor-widget-image\" data-id=\"cc43c97\" data-element_type=\"widget\" data-e-type=\"widget\" data-settings=\"{&quot;ekit_we_effect_on&quot;:&quot;none&quot;}\" data-widget_type=\"image.default\">\n\t\t\t\t\t\t\t\t\t\t\t\t\t\t\t<img fetchpriority=\"high\" decoding=\"async\" width=\"1707\" height=\"2560\" src=\"https:\/\/batpacker.eu\/wp-content\/uploads\/2026\/02\/pexels-bhaskar-rao-484311955-32901459-scaled.jpg\" class=\"attachment-full size-full wp-image-9278\" alt=\"\" srcset=\"https:\/\/batpacker.eu\/wp-content\/uploads\/2026\/02\/pexels-bhaskar-rao-484311955-32901459-scaled.jpg 1707w, https:\/\/batpacker.eu\/wp-content\/uploads\/2026\/02\/pexels-bhaskar-rao-484311955-32901459-200x300.jpg 200w, https:\/\/batpacker.eu\/wp-content\/uploads\/2026\/02\/pexels-bhaskar-rao-484311955-32901459-683x1024.jpg 683w, https:\/\/batpacker.eu\/wp-content\/uploads\/2026\/02\/pexels-bhaskar-rao-484311955-32901459-768x1152.jpg 768w, https:\/\/batpacker.eu\/wp-content\/uploads\/2026\/02\/pexels-bhaskar-rao-484311955-32901459-1024x1536.jpg 1024w, https:\/\/batpacker.eu\/wp-content\/uploads\/2026\/02\/pexels-bhaskar-rao-484311955-32901459-1365x2048.jpg 1365w\" sizes=\"(max-width: 1707px) 100vw, 1707px\" \/>\t\t\t\t\t\t\t\t\t\t\t\t\t\t\t<\/div>\n\t\t\t\t<\/div>\n\t\t\t\t<\/div>\n\t\t<div class=\"elementor-element elementor-element-d0bbf79 e-con-full e-flex e-con e-child\" data-id=\"d0bbf79\" data-element_type=\"container\" data-e-type=\"container\">\n\t\t<div class=\"elementor-element elementor-element-ccc0a33 e-con-full e-flex e-con e-child\" data-id=\"ccc0a33\" data-element_type=\"container\" data-e-type=\"container\" data-settings=\"{&quot;background_background&quot;:&quot;classic&quot;}\">\n\t\t\t\t<div class=\"elementor-element elementor-element-cffebbf at-heading-animation at-animation-heading-none elementor-invisible elementor-widget elementor-widget-heading\" data-id=\"cffebbf\" data-element_type=\"widget\" data-e-type=\"widget\" data-settings=\"{&quot;_animation&quot;:&quot;fadeInUp&quot;,&quot;ekit_we_effect_on&quot;:&quot;none&quot;}\" data-widget_type=\"heading.default\">\n\t\t\t\t\t<h2 class=\"elementor-heading-title elementor-size-default\">Wype\u0142nij formularz kontaktowy<\/h2>\t\t\t\t<\/div>\n\t\t\t\t<div class=\"elementor-element elementor-element-39c28c2 elementor-invisible elementor-widget elementor-widget-text-editor\" data-id=\"39c28c2\" data-element_type=\"widget\" data-e-type=\"widget\" data-settings=\"{&quot;_animation&quot;:&quot;fadeInUp&quot;,&quot;_animation_delay&quot;:100,&quot;ekit_we_effect_on&quot;:&quot;none&quot;}\" data-widget_type=\"text-editor.default\">\n\t\t\t\t\t\t\t\t\t<p>Chcesz do\u0142\u0105czy\u0107 do nas lub po prostu dowiedzie\u0107 si\u0119 wi\u0119cej?<br data-start=\"701\" data-end=\"704\" \/>Napisz do nas \u2014 nasz zesp\u00f3\u0142 wkr\u00f3tce si\u0119 z Tob\u0105 skontaktuje.<\/p>\t\t\t\t\t\t\t\t<\/div>\n\t\t\t\t<div class=\"elementor-element elementor-element-26d8f0a elementor-invisible elementor-widget elementor-widget-elementskit-contact-form7\" data-id=\"26d8f0a\" data-element_type=\"widget\" data-e-type=\"widget\" data-settings=\"{&quot;_animation&quot;:&quot;fadeInUp&quot;,&quot;_animation_delay&quot;:200,&quot;ekit_we_effect_on&quot;:&quot;none&quot;}\" data-widget_type=\"elementskit-contact-form7.default\">\n\t\t\t\t\t<div class=\"ekit-wid-con\" ><div class=\"ekit-form\">\n<div class=\"wpcf7 no-js\" id=\"wpcf7-f416-o1\" lang=\"en-US\" dir=\"ltr\" data-wpcf7-id=\"416\">\n<div class=\"screen-reader-response\"><p role=\"status\" aria-live=\"polite\" aria-atomic=\"true\"><\/p> <ul><\/ul><\/div>\n<form action=\"\/pl\/wp-json\/wp\/v2\/pages\/345#wpcf7-f416-o1\" method=\"post\" class=\"wpcf7-form init\" aria-label=\"Contact form\" novalidate=\"novalidate\" data-status=\"init\" data-trp-original-action=\"\/pl\/wp-json\/wp\/v2\/pages\/345#wpcf7-f416-o1\">\n<fieldset class=\"hidden-fields-container\"><input type=\"hidden\" name=\"_wpcf7\" value=\"416\" \/><input type=\"hidden\" name=\"_wpcf7_version\" value=\"6.1.5\" \/><input type=\"hidden\" name=\"_wpcf7_locale\" value=\"en_US\" \/><input type=\"hidden\" name=\"_wpcf7_unit_tag\" value=\"wpcf7-f416-o1\" \/><input type=\"hidden\" name=\"_wpcf7_container_post\" value=\"0\" \/><input type=\"hidden\" name=\"_wpcf7_posted_data_hash\" value=\"\" \/>\n<\/fieldset>\n<div class=\"row\">\n\t<div class=\"form-group col-md-6 mb-4\">\n\t\t<p><label> Imi\u0119: <\/label><br \/>\n<span class=\"wpcf7-form-control-wrap\" data-name=\"first-name\"><input size=\"40\" maxlength=\"400\" class=\"wpcf7-form-control wpcf7-text wpcf7-validates-as-required form-control\" id=\"name\" aria-required=\"true\" aria-invalid=\"false\" placeholder=\"Wpisz imi\u0119 *\" value=\"\" type=\"text\" name=\"first-name\" \/><\/span>\n\t\t<\/p>\n\t<\/div>\n\t<div class=\"form-group col-md-6 mb-4\">\n\t\t<p><label> Nazwisko: <\/label><br \/>\n<span class=\"wpcf7-form-control-wrap\" data-name=\"last-name\"><input size=\"40\" maxlength=\"400\" class=\"wpcf7-form-control wpcf7-text wpcf7-validates-as-required form-control\" aria-required=\"true\" aria-invalid=\"false\" placeholder=\"Wpisz nazwisko *\" value=\"\" type=\"text\" name=\"last-name\" \/><\/span>\n\t\t<\/p>\n\t<\/div>\n\t<div class=\"form-group col-md-6 mb-4\">\n\t\t<p><label> Adres e-mail: <\/label><br \/>\n<span class=\"wpcf7-form-control-wrap\" data-name=\"email\"><input size=\"40\" maxlength=\"400\" class=\"wpcf7-form-control wpcf7-email wpcf7-validates-as-required wpcf7-text wpcf7-validates-as-email form-control\" id=\"email\" aria-required=\"true\" aria-invalid=\"false\" placeholder=\"Wpisz email *\" value=\"\" type=\"email\" name=\"email\" \/><\/span>\n\t\t<\/p>\n\t<\/div>\n\t<div class=\"form-group col-md-6 mb-4\">\n\t\t<p><label> Numer telefonu: <\/label><br \/>\n<span class=\"wpcf7-form-control-wrap\" data-name=\"phone\"><input size=\"40\" maxlength=\"400\" class=\"wpcf7-form-control wpcf7-text wpcf7-validates-as-required form-control\" id=\"phone\" aria-required=\"true\" aria-invalid=\"false\" placeholder=\"Wpisz numer telefonu *\" value=\"\" type=\"text\" name=\"phone\" \/><\/span>\n\t\t<\/p>\n\t<\/div>\n\t<div class=\"form-group col-md-12 mb-4\">\n\t\t<p><label> Wiadomo\u015b\u0107: <\/label><br \/>\n<span class=\"wpcf7-form-control-wrap\" data-name=\"message\"><textarea cols=\"40\" rows=\"10\" maxlength=\"2000\" class=\"wpcf7-form-control wpcf7-textarea form-control\" id=\"msg\" aria-invalid=\"false\" placeholder=\"Wiadomo\u015b\u0107...\" name=\"message\"><\/textarea><\/span>\n\t\t<\/p>\n\t<\/div>\n\t<div class=\"col-md-12 form-btn\">\n\t\t<p><input class=\"wpcf7-form-control wpcf7-submit has-spinner\" id=\"msgSubmit\" type=\"submit\" value=\"Wy\u015blij wiadomo\u015b\u0107\" \/>\n\t\t<\/p>\n\t<\/div>\n<\/div><div class=\"wpcf7-response-output\" aria-hidden=\"true\"><\/div>\n<input type=\"hidden\" name=\"trp-form-language\" value=\"pl\"\/><\/form>\n<\/div>\n<\/div><\/div>\t\t\t\t<\/div>\n\t\t\t\t<\/div>\n\t\t\t\t<\/div>\n\t\t\t\t\t<\/div>\n\t\t\t\t<\/div>\n\t\t<div class=\"elementor-element elementor-element-e7501b6 e-flex e-con-boxed e-con e-parent\" data-id=\"e7501b6\" data-element_type=\"container\" data-e-type=\"container\">\n\t\t\t\t\t<div class=\"e-con-inner\">\n\t\t<div class=\"elementor-element elementor-element-205d4c2 e-con-full e-flex e-con e-child\" data-id=\"205d4c2\" data-element_type=\"container\" data-e-type=\"container\">\n\t\t\t\t<div class=\"elementor-element elementor-element-4e255c2 section-title at-heading-animation at-animation-heading-none elementor-invisible elementor-widget elementor-widget-heading\" data-id=\"4e255c2\" data-element_type=\"widget\" data-e-type=\"widget\" data-settings=\"{&quot;_animation&quot;:&quot;fadeInUp&quot;,&quot;ekit_we_effect_on&quot;:&quot;none&quot;}\" data-widget_type=\"heading.default\">\n\t\t\t\t\t<h3 class=\"elementor-heading-title elementor-size-default\">Lokalizacje Batpackera<\/h3>\t\t\t\t<\/div>\n\t\t\t\t<div class=\"elementor-element elementor-element-efc52a1 at-heading-animation at-animation-heading-style-3 elementor-widget elementor-widget-heading\" data-id=\"efc52a1\" data-element_type=\"widget\" data-e-type=\"widget\" data-settings=\"{&quot;ekit_we_effect_on&quot;:&quot;none&quot;}\" data-widget_type=\"heading.default\">\n\t\t\t\t\t<h2 class=\"elementor-heading-title elementor-size-default\">Where Basketball Lives<\/h2>\t\t\t\t<\/div>\n\t\t\t\t<div class=\"elementor-element elementor-element-3726645 elementor-invisible elementor-widget elementor-widget-text-editor\" data-id=\"3726645\" data-element_type=\"widget\" data-e-type=\"widget\" data-settings=\"{&quot;_animation&quot;:&quot;fadeInUp&quot;,&quot;_animation_delay&quot;:100,&quot;ekit_we_effect_on&quot;:&quot;none&quot;}\" data-widget_type=\"text-editor.default\">\n\t\t\t\t\t\t\t\t\t<p>Mapa boisk do koszyk\u00f3wki<\/p>\t\t\t\t\t\t\t\t<\/div>\n\t\t\t\t<div class=\"elementor-element elementor-element-86c101a elementor-widget elementor-widget-image\" data-id=\"86c101a\" data-element_type=\"widget\" data-e-type=\"widget\" data-settings=\"{&quot;ekit_we_effect_on&quot;:&quot;none&quot;}\" data-widget_type=\"image.default\">\n\t\t\t\t\t\t\t\t\t\t\t\t\t\t\t\t<a href=\"https:\/\/www.google.com\/maps\/d\/u\/0\/edit?mid=16LzeUp_rSJa-SHS57k4RQXbAAhHPNA4&#038;usp=sharing\" target=\"_blank\">\n\t\t\t\t\t\t\t<img decoding=\"async\" width=\"800\" height=\"480\" src=\"https:\/\/batpacker.eu\/wp-content\/uploads\/2026\/02\/Screenshot-2026-02-24-at-21.52.24-1024x615.png\" class=\"attachment-large size-large wp-image-9279\" alt=\"\" srcset=\"https:\/\/batpacker.eu\/wp-content\/uploads\/2026\/02\/Screenshot-2026-02-24-at-21.52.24-1024x615.png 1024w, https:\/\/batpacker.eu\/wp-content\/uploads\/2026\/02\/Screenshot-2026-02-24-at-21.52.24-300x180.png 300w, https:\/\/batpacker.eu\/wp-content\/uploads\/2026\/02\/Screenshot-2026-02-24-at-21.52.24-768x462.png 768w, https:\/\/batpacker.eu\/wp-content\/uploads\/2026\/02\/Screenshot-2026-02-24-at-21.52.24-1536x923.png 1536w, https:\/\/batpacker.eu\/wp-content\/uploads\/2026\/02\/Screenshot-2026-02-24-at-21.52.24.png 1724w\" sizes=\"(max-width: 800px) 100vw, 800px\" \/>\t\t\t\t\t\t\t\t<\/a>\n\t\t\t\t\t\t\t\t\t\t\t\t\t\t\t<\/div>\n\t\t\t\t<\/div>\n\t\t\t\t\t<\/div>\n\t\t\t\t<\/div>\n\t\t\t\t<\/div>","protected":false},"excerpt":{"rendered":"<p>Contact us Home Contact Us Today! Start Your Batpacker Experience Ready to [&hellip;]<\/p>\n","protected":false},"author":1,"featured_media":0,"parent":0,"menu_order":0,"comment_status":"closed","ping_status":"closed","template":"elementor_header_footer","meta":{"footnotes":""},"class_list":["post-345","page","type-page","status-publish","hentry"],"yoast_head":"<!-- This site is optimized with the Yoast SEO plugin v27.2 - https:\/\/yoast.com\/product\/yoast-seo-wordpress\/ -->\n<title>Contact Us - Batpacker<\/title>\n<meta name=\"robots\" content=\"index, follow, max-snippet:-1, max-image-preview:large, max-video-preview:-1\" \/>\n<link rel=\"canonical\" href=\"https:\/\/batpacker.eu\/pl\/contact-us\/\" \/>\n<meta property=\"og:locale\" content=\"pl_PL\" \/>\n<meta property=\"og:type\" content=\"article\" \/>\n<meta property=\"og:title\" content=\"Contact Us - Batpacker\" \/>\n<meta property=\"og:description\" content=\"Contact us Home Contact Us Today! Start Your Batpacker Experience Ready to [&hellip;]\" \/>\n<meta property=\"og:url\" content=\"https:\/\/batpacker.eu\/pl\/contact-us\/\" \/>\n<meta property=\"og:site_name\" content=\"Batpacker\" \/>\n<meta property=\"article:modified_time\" content=\"2026-02-28T17:56:53+00:00\" \/>\n<meta property=\"og:image\" content=\"https:\/\/batpacker.eu\/wp-content\/uploads\/2026\/02\/pexels-bhaskar-rao-484311955-32901459-scaled.jpg\" \/>\n\t<meta property=\"og:image:width\" content=\"1707\" \/>\n\t<meta property=\"og:image:height\" content=\"2560\" \/>\n\t<meta property=\"og:image:type\" content=\"image\/jpeg\" \/>\n<meta name=\"twitter:card\" content=\"summary_large_image\" \/>\n<meta name=\"twitter:label1\" content=\"Szacowany czas czytania\" \/>\n\t<meta name=\"twitter:data1\" content=\"1 minuta\" \/>\n<script type=\"application\/ld+json\" class=\"yoast-schema-graph\">{\"@context\":\"https:\/\/schema.org\",\"@graph\":[{\"@type\":\"WebPage\",\"@id\":\"https:\/\/batpacker.eu\/contact-us\/\",\"url\":\"https:\/\/batpacker.eu\/contact-us\/\",\"name\":\"Contact Us - Batpacker\",\"isPartOf\":{\"@id\":\"https:\/\/batpacker.eu\/#website\"},\"primaryImageOfPage\":{\"@id\":\"https:\/\/batpacker.eu\/contact-us\/#primaryimage\"},\"image\":{\"@id\":\"https:\/\/batpacker.eu\/contact-us\/#primaryimage\"},\"thumbnailUrl\":\"https:\/\/batpacker.eu\/wp-content\/uploads\/2026\/02\/pexels-bhaskar-rao-484311955-32901459-scaled.jpg\",\"datePublished\":\"2026-01-07T10:51:59+00:00\",\"dateModified\":\"2026-02-28T17:56:53+00:00\",\"breadcrumb\":{\"@id\":\"https:\/\/batpacker.eu\/contact-us\/#breadcrumb\"},\"inLanguage\":\"pl-PL\",\"potentialAction\":[{\"@type\":\"ReadAction\",\"target\":[\"https:\/\/batpacker.eu\/contact-us\/\"]}]},{\"@type\":\"ImageObject\",\"inLanguage\":\"pl-PL\",\"@id\":\"https:\/\/batpacker.eu\/contact-us\/#primaryimage\",\"url\":\"https:\/\/batpacker.eu\/wp-content\/uploads\/2026\/02\/pexels-bhaskar-rao-484311955-32901459-scaled.jpg\",\"contentUrl\":\"https:\/\/batpacker.eu\/wp-content\/uploads\/2026\/02\/pexels-bhaskar-rao-484311955-32901459-scaled.jpg\"},{\"@type\":\"BreadcrumbList\",\"@id\":\"https:\/\/batpacker.eu\/contact-us\/#breadcrumb\",\"itemListElement\":[{\"@type\":\"ListItem\",\"position\":1,\"name\":\"Strona g\u0142\u00f3wna\",\"item\":\"https:\/\/batpacker.eu\/\"},{\"@type\":\"ListItem\",\"position\":2,\"name\":\"Contact Us\"}]},{\"@type\":\"WebSite\",\"@id\":\"https:\/\/batpacker.eu\/#website\",\"url\":\"https:\/\/batpacker.eu\/\",\"name\":\"Batpacker\",\"description\":\"Fly Beyond\",\"publisher\":{\"@id\":\"https:\/\/batpacker.eu\/#organization\"},\"potentialAction\":[{\"@type\":\"SearchAction\",\"target\":{\"@type\":\"EntryPoint\",\"urlTemplate\":\"https:\/\/batpacker.eu\/?s={search_term_string}\"},\"query-input\":{\"@type\":\"PropertyValueSpecification\",\"valueRequired\":true,\"valueName\":\"search_term_string\"}}],\"inLanguage\":\"pl-PL\"},{\"@type\":\"Organization\",\"@id\":\"https:\/\/batpacker.eu\/#organization\",\"name\":\"Batpacker\",\"url\":\"https:\/\/batpacker.eu\/\",\"logo\":{\"@type\":\"ImageObject\",\"inLanguage\":\"pl-PL\",\"@id\":\"https:\/\/batpacker.eu\/#\/schema\/logo\/image\/\",\"url\":\"https:\/\/batpacker.eu\/wp-content\/uploads\/2026\/03\/logo.png\",\"contentUrl\":\"https:\/\/batpacker.eu\/wp-content\/uploads\/2026\/03\/logo.png\",\"width\":254,\"height\":145,\"caption\":\"Batpacker\"},\"image\":{\"@id\":\"https:\/\/batpacker.eu\/#\/schema\/logo\/image\/\"}}]}<\/script>\n<!-- \/ Yoast SEO plugin. -->","yoast_head_json":{"title":"Contact Us - Batpacker","robots":{"index":"index","follow":"follow","max-snippet":"max-snippet:-1","max-image-preview":"max-image-preview:large","max-video-preview":"max-video-preview:-1"},"canonical":"https:\/\/batpacker.eu\/pl\/contact-us\/","og_locale":"pl_PL","og_type":"article","og_title":"Contact Us - Batpacker","og_description":"Contact us Home Contact Us Today! Start Your Batpacker Experience Ready to [&hellip;]","og_url":"https:\/\/batpacker.eu\/pl\/contact-us\/","og_site_name":"Batpacker","article_modified_time":"2026-02-28T17:56:53+00:00","og_image":[{"width":1707,"height":2560,"url":"https:\/\/batpacker.eu\/wp-content\/uploads\/2026\/02\/pexels-bhaskar-rao-484311955-32901459-scaled.jpg","type":"image\/jpeg"}],"twitter_card":"summary_large_image","twitter_misc":{"Szacowany czas czytania":"1 minuta"},"schema":{"@context":"https:\/\/schema.org","@graph":[{"@type":"WebPage","@id":"https:\/\/batpacker.eu\/contact-us\/","url":"https:\/\/batpacker.eu\/contact-us\/","name":"Contact Us - Batpacker","isPartOf":{"@id":"https:\/\/batpacker.eu\/#website"},"primaryImageOfPage":{"@id":"https:\/\/batpacker.eu\/contact-us\/#primaryimage"},"image":{"@id":"https:\/\/batpacker.eu\/contact-us\/#primaryimage"},"thumbnailUrl":"https:\/\/batpacker.eu\/wp-content\/uploads\/2026\/02\/pexels-bhaskar-rao-484311955-32901459-scaled.jpg","datePublished":"2026-01-07T10:51:59+00:00","dateModified":"2026-02-28T17:56:53+00:00","breadcrumb":{"@id":"https:\/\/batpacker.eu\/contact-us\/#breadcrumb"},"inLanguage":"pl-PL","potentialAction":[{"@type":"ReadAction","target":["https:\/\/batpacker.eu\/contact-us\/"]}]},{"@type":"ImageObject","inLanguage":"pl-PL","@id":"https:\/\/batpacker.eu\/contact-us\/#primaryimage","url":"https:\/\/batpacker.eu\/wp-content\/uploads\/2026\/02\/pexels-bhaskar-rao-484311955-32901459-scaled.jpg","contentUrl":"https:\/\/batpacker.eu\/wp-content\/uploads\/2026\/02\/pexels-bhaskar-rao-484311955-32901459-scaled.jpg"},{"@type":"BreadcrumbList","@id":"https:\/\/batpacker.eu\/contact-us\/#breadcrumb","itemListElement":[{"@type":"ListItem","position":1,"name":"Strona g\u0142\u00f3wna","item":"https:\/\/batpacker.eu\/"},{"@type":"ListItem","position":2,"name":"Contact Us"}]},{"@type":"WebSite","@id":"https:\/\/batpacker.eu\/#website","url":"https:\/\/batpacker.eu\/","name":"Batpacker","description":"Fly Beyond","publisher":{"@id":"https:\/\/batpacker.eu\/#organization"},"potentialAction":[{"@type":"SearchAction","target":{"@type":"EntryPoint","urlTemplate":"https:\/\/batpacker.eu\/?s={search_term_string}"},"query-input":{"@type":"PropertyValueSpecification","valueRequired":true,"valueName":"search_term_string"}}],"inLanguage":"pl-PL"},{"@type":"Organization","@id":"https:\/\/batpacker.eu\/#organization","name":"Batpacker","url":"https:\/\/batpacker.eu\/","logo":{"@type":"ImageObject","inLanguage":"pl-PL","@id":"https:\/\/batpacker.eu\/#\/schema\/logo\/image\/","url":"https:\/\/batpacker.eu\/wp-content\/uploads\/2026\/03\/logo.png","contentUrl":"https:\/\/batpacker.eu\/wp-content\/uploads\/2026\/03\/logo.png","width":254,"height":145,"caption":"Batpacker"},"image":{"@id":"https:\/\/batpacker.eu\/#\/schema\/logo\/image\/"}}]}},"_links":{"self":[{"href":"https:\/\/batpacker.eu\/pl\/wp-json\/wp\/v2\/pages\/345","targetHints":{"allow":["GET"]}}],"collection":[{"href":"https:\/\/batpacker.eu\/pl\/wp-json\/wp\/v2\/pages"}],"about":[{"href":"https:\/\/batpacker.eu\/pl\/wp-json\/wp\/v2\/types\/page"}],"author":[{"embeddable":true,"href":"https:\/\/batpacker.eu\/pl\/wp-json\/wp\/v2\/users\/1"}],"replies":[{"embeddable":true,"href":"https:\/\/batpacker.eu\/pl\/wp-json\/wp\/v2\/comments?post=345"}],"version-history":[{"count":13,"href":"https:\/\/batpacker.eu\/pl\/wp-json\/wp\/v2\/pages\/345\/revisions"}],"predecessor-version":[{"id":9304,"href":"https:\/\/batpacker.eu\/pl\/wp-json\/wp\/v2\/pages\/345\/revisions\/9304"}],"wp:attachment":[{"href":"https:\/\/batpacker.eu\/pl\/wp-json\/wp\/v2\/media?parent=345"}],"curies":[{"name":"wp","href":"https:\/\/api.w.org\/{rel}","templated":true}]}}